{"id":345,"date":"2023-06-01T10:43:28","date_gmt":"2023-06-01T07:43:28","guid":{"rendered":"https:\/\/store.metropolia.fi\/tuote\/mpa1015\/"},"modified":"2026-02-23T11:51:56","modified_gmt":"2026-02-23T09:51:56","slug":"mpa1015","status":"publish","type":"product","link":"https:\/\/store.metropolia.fi\/en\/product\/mpa1015\/","title":{"rendered":"Kokoustila, MPA1015"},"content":{"rendered":"<p>Pieni kokoustila ravintolan l\u00e4heisyydess\u00e4, py\u00f6re\u00e4 p\u00f6yt\u00e4 ja tuolit. Tilassa interaktiivinen esitysn\u00e4ytt\u00f6.<\/p>\n","protected":false},"excerpt":{"rendered":"<p>Pieni kokoustila ravintolan l\u00e4heisyydess\u00e4, py\u00f6re\u00e4 p\u00f6yt\u00e4 ja tuolit. Tilassa interaktiivinen esitysn\u00e4ytt\u00f6.<\/p>\n","protected":false},"featured_media":2223,"template":"","meta":[],"product_brand":[],"product_cat":[30206,30200],"product_tag":[],"class_list":{"0":"post-345","1":"product","2":"type-product","3":"status-publish","4":"has-post-thumbnail","6":"product_cat-muut-tilat-myllypuro","7":"product_cat-myllypuron-kampus-0","9":"first","10":"instock","11":"virtual","12":"taxable","13":"purchasable","14":"product-type-phive_booking"},"_links":{"self":[{"href":"https:\/\/store.metropolia.fi\/en\/wp-json\/wp\/v2\/product\/345","targetHints":{"allow":["GET"]}}],"collection":[{"href":"https:\/\/store.metropolia.fi\/en\/wp-json\/wp\/v2\/product"}],"about":[{"href":"https:\/\/store.metropolia.fi\/en\/wp-json\/wp\/v2\/types\/product"}],"wp:featuredmedia":[{"embeddable":true,"href":"https:\/\/store.metropolia.fi\/en\/wp-json\/wp\/v2\/media\/2223"}],"wp:attachment":[{"href":"https:\/\/store.metropolia.fi\/en\/wp-json\/wp\/v2\/media?parent=345"}],"wp:term":[{"taxonomy":"product_brand","embeddable":true,"href":"https:\/\/store.metropolia.fi\/en\/wp-json\/wp\/v2\/product_brand?post=345"},{"taxonomy":"product_cat","embeddable":true,"href":"https:\/\/store.metropolia.fi\/en\/wp-json\/wp\/v2\/product_cat?post=345"},{"taxonomy":"product_tag","embeddable":true,"href":"https:\/\/store.metropolia.fi\/en\/wp-json\/wp\/v2\/product_tag?post=345"}],"curies":[{"name":"wp","href":"https:\/\/api.w.org\/{rel}","templated":true}]}}