{"id":357,"date":"2023-06-01T10:43:29","date_gmt":"2023-06-01T07:43:29","guid":{"rendered":"https:\/\/store.metropolia.fi\/tuote\/oppimistila-mpa3018\/"},"modified":"2026-02-20T08:55:24","modified_gmt":"2026-02-20T06:55:24","slug":"oppimistila-mpa3018","status":"publish","type":"product","link":"https:\/\/store.metropolia.fi\/en\/product\/oppimistila-mpa3018\/","title":{"rendered":"Luokkatila, MPA3018"},"content":{"rendered":"<p>Korkeat p\u00f6yd\u00e4t ja tuolit. Tilassa interaktiivinen esitysn\u00e4ytt\u00f6.<\/p>\n","protected":false},"excerpt":{"rendered":"<p>Korkeat p\u00f6yd\u00e4t ja tuolit. Tilassa interaktiivinen esitysn\u00e4ytt\u00f6.<\/p>\n","protected":false},"featured_media":2409,"template":"","meta":[],"product_brand":[],"product_cat":[30206,30200],"product_tag":[],"class_list":{"0":"post-357","1":"product","2":"type-product","3":"status-publish","4":"has-post-thumbnail","6":"product_cat-muut-tilat-myllypuro","7":"product_cat-myllypuron-kampus-0","9":"first","10":"instock","11":"virtual","12":"taxable","13":"purchasable","14":"product-type-phive_booking"},"_links":{"self":[{"href":"https:\/\/store.metropolia.fi\/en\/wp-json\/wp\/v2\/product\/357","targetHints":{"allow":["GET"]}}],"collection":[{"href":"https:\/\/store.metropolia.fi\/en\/wp-json\/wp\/v2\/product"}],"about":[{"href":"https:\/\/store.metropolia.fi\/en\/wp-json\/wp\/v2\/types\/product"}],"wp:featuredmedia":[{"embeddable":true,"href":"https:\/\/store.metropolia.fi\/en\/wp-json\/wp\/v2\/media\/2409"}],"wp:attachment":[{"href":"https:\/\/store.metropolia.fi\/en\/wp-json\/wp\/v2\/media?parent=357"}],"wp:term":[{"taxonomy":"product_brand","embeddable":true,"href":"https:\/\/store.metropolia.fi\/en\/wp-json\/wp\/v2\/product_brand?post=357"},{"taxonomy":"product_cat","embeddable":true,"href":"https:\/\/store.metropolia.fi\/en\/wp-json\/wp\/v2\/product_cat?post=357"},{"taxonomy":"product_tag","embeddable":true,"href":"https:\/\/store.metropolia.fi\/en\/wp-json\/wp\/v2\/product_tag?post=357"}],"curies":[{"name":"wp","href":"https:\/\/api.w.org\/{rel}","templated":true}]}}