{"id":358,"date":"2023-06-01T10:43:30","date_gmt":"2023-06-01T07:43:30","guid":{"rendered":"https:\/\/store.metropolia.fi\/tuote\/oppimistila-mpa4008\/"},"modified":"2026-02-20T08:50:57","modified_gmt":"2026-02-20T06:50:57","slug":"oppimistila-mpa4008","status":"publish","type":"product","link":"https:\/\/store.metropolia.fi\/en\/product\/oppimistila-mpa4008\/","title":{"rendered":"Luokkatila, MPA4008"},"content":{"rendered":"<p>Kahden hengen p\u00f6yd\u00e4t tuoleilla. Tilassa l\u00e4hiprojektori.<\/p>\n","protected":false},"excerpt":{"rendered":"<p>Kahden hengen p\u00f6yd\u00e4t tuoleilla. Tilassa l\u00e4hiprojektori.<\/p>\n","protected":false},"featured_media":2427,"template":"","meta":[],"product_brand":[],"product_cat":[30206,30200],"product_tag":[],"class_list":{"0":"post-358","1":"product","2":"type-product","3":"status-publish","4":"has-post-thumbnail","6":"product_cat-muut-tilat-myllypuro","7":"product_cat-myllypuron-kampus-0","9":"first","10":"instock","11":"virtual","12":"taxable","13":"purchasable","14":"product-type-phive_booking"},"_links":{"self":[{"href":"https:\/\/store.metropolia.fi\/en\/wp-json\/wp\/v2\/product\/358","targetHints":{"allow":["GET"]}}],"collection":[{"href":"https:\/\/store.metropolia.fi\/en\/wp-json\/wp\/v2\/product"}],"about":[{"href":"https:\/\/store.metropolia.fi\/en\/wp-json\/wp\/v2\/types\/product"}],"wp:featuredmedia":[{"embeddable":true,"href":"https:\/\/store.metropolia.fi\/en\/wp-json\/wp\/v2\/media\/2427"}],"wp:attachment":[{"href":"https:\/\/store.metropolia.fi\/en\/wp-json\/wp\/v2\/media?parent=358"}],"wp:term":[{"taxonomy":"product_brand","embeddable":true,"href":"https:\/\/store.metropolia.fi\/en\/wp-json\/wp\/v2\/product_brand?post=358"},{"taxonomy":"product_cat","embeddable":true,"href":"https:\/\/store.metropolia.fi\/en\/wp-json\/wp\/v2\/product_cat?post=358"},{"taxonomy":"product_tag","embeddable":true,"href":"https:\/\/store.metropolia.fi\/en\/wp-json\/wp\/v2\/product_tag?post=358"}],"curies":[{"name":"wp","href":"https:\/\/api.w.org\/{rel}","templated":true}]}}