{"id":362,"date":"2023-06-01T10:43:30","date_gmt":"2023-06-01T07:43:30","guid":{"rendered":"https:\/\/store.metropolia.fi\/tuote\/luentosali-mpa4015\/"},"modified":"2026-02-23T12:51:59","modified_gmt":"2026-02-23T10:51:59","slug":"luentosali-mpa4015","status":"publish","type":"product","link":"https:\/\/store.metropolia.fi\/en\/product\/luentosali-mpa4015\/","title":{"rendered":"Luentosali, MPA4015"},"content":{"rendered":"<p>Luentosali, tuoleissa taittop\u00f6yd\u00e4t, tilassa et\u00e4projektori.<\/p>\n","protected":false},"excerpt":{"rendered":"<p>Luentosali, tuoleissa taittop\u00f6yd\u00e4t, tilassa et\u00e4projektori.<\/p>\n","protected":false},"featured_media":2493,"template":"","meta":[],"product_brand":[],"product_cat":[30206,30200],"product_tag":[],"class_list":{"0":"post-362","1":"product","2":"type-product","3":"status-publish","4":"has-post-thumbnail","6":"product_cat-muut-tilat-myllypuro","7":"product_cat-myllypuron-kampus-0","9":"first","10":"instock","11":"virtual","12":"taxable","13":"purchasable","14":"product-type-phive_booking"},"_links":{"self":[{"href":"https:\/\/store.metropolia.fi\/en\/wp-json\/wp\/v2\/product\/362","targetHints":{"allow":["GET"]}}],"collection":[{"href":"https:\/\/store.metropolia.fi\/en\/wp-json\/wp\/v2\/product"}],"about":[{"href":"https:\/\/store.metropolia.fi\/en\/wp-json\/wp\/v2\/types\/product"}],"wp:featuredmedia":[{"embeddable":true,"href":"https:\/\/store.metropolia.fi\/en\/wp-json\/wp\/v2\/media\/2493"}],"wp:attachment":[{"href":"https:\/\/store.metropolia.fi\/en\/wp-json\/wp\/v2\/media?parent=362"}],"wp:term":[{"taxonomy":"product_brand","embeddable":true,"href":"https:\/\/store.metropolia.fi\/en\/wp-json\/wp\/v2\/product_brand?post=362"},{"taxonomy":"product_cat","embeddable":true,"href":"https:\/\/store.metropolia.fi\/en\/wp-json\/wp\/v2\/product_cat?post=362"},{"taxonomy":"product_tag","embeddable":true,"href":"https:\/\/store.metropolia.fi\/en\/wp-json\/wp\/v2\/product_tag?post=362"}],"curies":[{"name":"wp","href":"https:\/\/api.w.org\/{rel}","templated":true}]}}