{"id":373,"date":"2023-06-01T10:43:32","date_gmt":"2023-06-01T07:43:32","guid":{"rendered":"https:\/\/store.metropolia.fi\/tuote\/luentosali-mpa5026\/"},"modified":"2026-02-23T12:51:36","modified_gmt":"2026-02-23T10:51:36","slug":"luentosali-mpa5026","status":"publish","type":"product","link":"https:\/\/store.metropolia.fi\/en\/product\/luentosali-mpa5026\/","title":{"rendered":"Luokkatila, MPA5026"},"content":{"rendered":"<p>Kahden hengen p\u00f6yd\u00e4t tuoleilla. Tilassa et\u00e4projektori.<\/p>\n","protected":false},"excerpt":{"rendered":"<p>Kahden hengen p\u00f6yd\u00e4t tuoleilla. Tilassa et\u00e4projektori.<\/p>\n","protected":false},"featured_media":2682,"template":"","meta":[],"product_brand":[],"product_cat":[30206,30200],"product_tag":[],"class_list":{"0":"post-373","1":"product","2":"type-product","3":"status-publish","4":"has-post-thumbnail","6":"product_cat-muut-tilat-myllypuro","7":"product_cat-myllypuron-kampus-0","9":"first","10":"instock","11":"virtual","12":"taxable","13":"purchasable","14":"product-type-phive_booking"},"_links":{"self":[{"href":"https:\/\/store.metropolia.fi\/en\/wp-json\/wp\/v2\/product\/373","targetHints":{"allow":["GET"]}}],"collection":[{"href":"https:\/\/store.metropolia.fi\/en\/wp-json\/wp\/v2\/product"}],"about":[{"href":"https:\/\/store.metropolia.fi\/en\/wp-json\/wp\/v2\/types\/product"}],"wp:featuredmedia":[{"embeddable":true,"href":"https:\/\/store.metropolia.fi\/en\/wp-json\/wp\/v2\/media\/2682"}],"wp:attachment":[{"href":"https:\/\/store.metropolia.fi\/en\/wp-json\/wp\/v2\/media?parent=373"}],"wp:term":[{"taxonomy":"product_brand","embeddable":true,"href":"https:\/\/store.metropolia.fi\/en\/wp-json\/wp\/v2\/product_brand?post=373"},{"taxonomy":"product_cat","embeddable":true,"href":"https:\/\/store.metropolia.fi\/en\/wp-json\/wp\/v2\/product_cat?post=373"},{"taxonomy":"product_tag","embeddable":true,"href":"https:\/\/store.metropolia.fi\/en\/wp-json\/wp\/v2\/product_tag?post=373"}],"curies":[{"name":"wp","href":"https:\/\/api.w.org\/{rel}","templated":true}]}}