{"id":383,"date":"2023-06-01T10:43:34","date_gmt":"2023-06-01T07:43:34","guid":{"rendered":"https:\/\/store.metropolia.fi\/tuote\/oppimistila-mpa6020\/"},"modified":"2026-02-18T10:22:55","modified_gmt":"2026-02-18T08:22:55","slug":"oppimistila-mpa6020","status":"publish","type":"product","link":"https:\/\/store.metropolia.fi\/en\/product\/oppimistila-mpa6020\/","title":{"rendered":"Luokkatila, MPA6020"},"content":{"rendered":"<p>Korkeat p\u00f6yd\u00e4t ja tuolit sek\u00e4 takasein\u00e4ll\u00e4 sohvat. Tilassa esitysn\u00e4ytt\u00f6.<\/p>\n","protected":false},"excerpt":{"rendered":"<p>Korkeat p\u00f6yd\u00e4t ja tuolit sek\u00e4 takasein\u00e4ll\u00e4 sohvat. Tilassa esitysn\u00e4ytt\u00f6.<\/p>\n","protected":false},"featured_media":2838,"template":"","meta":[],"product_brand":[],"product_cat":[30206,30200],"product_tag":[],"class_list":{"0":"post-383","1":"product","2":"type-product","3":"status-publish","4":"has-post-thumbnail","6":"product_cat-muut-tilat-myllypuro","7":"product_cat-myllypuron-kampus-0","9":"first","10":"instock","11":"virtual","12":"taxable","13":"purchasable","14":"product-type-phive_booking"},"_links":{"self":[{"href":"https:\/\/store.metropolia.fi\/en\/wp-json\/wp\/v2\/product\/383","targetHints":{"allow":["GET"]}}],"collection":[{"href":"https:\/\/store.metropolia.fi\/en\/wp-json\/wp\/v2\/product"}],"about":[{"href":"https:\/\/store.metropolia.fi\/en\/wp-json\/wp\/v2\/types\/product"}],"wp:featuredmedia":[{"embeddable":true,"href":"https:\/\/store.metropolia.fi\/en\/wp-json\/wp\/v2\/media\/2838"}],"wp:attachment":[{"href":"https:\/\/store.metropolia.fi\/en\/wp-json\/wp\/v2\/media?parent=383"}],"wp:term":[{"taxonomy":"product_brand","embeddable":true,"href":"https:\/\/store.metropolia.fi\/en\/wp-json\/wp\/v2\/product_brand?post=383"},{"taxonomy":"product_cat","embeddable":true,"href":"https:\/\/store.metropolia.fi\/en\/wp-json\/wp\/v2\/product_cat?post=383"},{"taxonomy":"product_tag","embeddable":true,"href":"https:\/\/store.metropolia.fi\/en\/wp-json\/wp\/v2\/product_tag?post=383"}],"curies":[{"name":"wp","href":"https:\/\/api.w.org\/{rel}","templated":true}]}}