{"id":400,"date":"2023-06-01T10:43:36","date_gmt":"2023-06-01T07:43:36","guid":{"rendered":"https:\/\/store.metropolia.fi\/tuote\/oppimistila-mpb6008\/"},"modified":"2026-02-18T10:13:53","modified_gmt":"2026-02-18T08:13:53","slug":"oppimistila-mpb6008","status":"publish","type":"product","link":"https:\/\/store.metropolia.fi\/en\/product\/oppimistila-mpb6008\/","title":{"rendered":"Luokkatila, MPB6008"},"content":{"rendered":"<p>Tilassa on istumapaikat 32 henkil\u00f6lle neuvottelu-\/ryhm\u00e4ty\u00f6muodossa (tuolit p\u00f6ytien molemmin puolin). <br \/>Jos kalusteet asetellaan luokkamuotoon, istumapaikkoja on 16 henkil\u00f6lle.<\/p>\n","protected":false},"excerpt":{"rendered":"<p>Tilassa on istumapaikat 32 henkil\u00f6lle neuvottelu-\/ryhm\u00e4ty\u00f6muodossa (tuolit p\u00f6ytien molemmin puolin). Jos kalusteet asetellaan luokkamuotoon, istumapaikkoja on 16 henkil\u00f6lle.<\/p>\n","protected":false},"featured_media":3051,"template":"","meta":[],"product_brand":[],"product_cat":[30206,30200],"product_tag":[],"class_list":{"0":"post-400","1":"product","2":"type-product","3":"status-publish","4":"has-post-thumbnail","6":"product_cat-muut-tilat-myllypuro","7":"product_cat-myllypuron-kampus-0","9":"first","10":"instock","11":"virtual","12":"taxable","13":"purchasable","14":"product-type-phive_booking"},"_links":{"self":[{"href":"https:\/\/store.metropolia.fi\/en\/wp-json\/wp\/v2\/product\/400","targetHints":{"allow":["GET"]}}],"collection":[{"href":"https:\/\/store.metropolia.fi\/en\/wp-json\/wp\/v2\/product"}],"about":[{"href":"https:\/\/store.metropolia.fi\/en\/wp-json\/wp\/v2\/types\/product"}],"wp:featuredmedia":[{"embeddable":true,"href":"https:\/\/store.metropolia.fi\/en\/wp-json\/wp\/v2\/media\/3051"}],"wp:attachment":[{"href":"https:\/\/store.metropolia.fi\/en\/wp-json\/wp\/v2\/media?parent=400"}],"wp:term":[{"taxonomy":"product_brand","embeddable":true,"href":"https:\/\/store.metropolia.fi\/en\/wp-json\/wp\/v2\/product_brand?post=400"},{"taxonomy":"product_cat","embeddable":true,"href":"https:\/\/store.metropolia.fi\/en\/wp-json\/wp\/v2\/product_cat?post=400"},{"taxonomy":"product_tag","embeddable":true,"href":"https:\/\/store.metropolia.fi\/en\/wp-json\/wp\/v2\/product_tag?post=400"}],"curies":[{"name":"wp","href":"https:\/\/api.w.org\/{rel}","templated":true}]}}