{"id":406,"date":"2023-06-01T10:43:37","date_gmt":"2023-06-01T07:43:37","guid":{"rendered":"https:\/\/store.metropolia.fi\/tuote\/showroom-mpc1001\/"},"modified":"2026-02-23T13:05:11","modified_gmt":"2026-02-23T11:05:11","slug":"showroom-mpc1001","status":"publish","type":"product","link":"https:\/\/store.metropolia.fi\/en\/product\/showroom-mpc1001\/","title":{"rendered":"Kokoustila, MPC1001"},"content":{"rendered":"<p>Tilassa erikorkuisia p\u00f6yti\u00e4 ja tuoleja sek\u00e4 esitysn\u00e4ytt\u00f6. Tila muokattavissa omien tarpeiden mukaiseksi, tilassa olevilla kalusteilla.\u00a0<\/p>\n","protected":false},"excerpt":{"rendered":"<p>Tilassa erikorkuisia p\u00f6yti\u00e4 ja tuoleja sek\u00e4 esitysn\u00e4ytt\u00f6. Tila muokattavissa omien tarpeiden mukaiseksi, tilassa olevilla kalusteilla.\u00a0<\/p>\n","protected":false},"featured_media":3159,"template":"","meta":[],"product_brand":[],"product_cat":[30206,79],"product_tag":[],"class_list":{"0":"post-406","1":"product","2":"type-product","3":"status-publish","4":"has-post-thumbnail","6":"product_cat-muut-tilat-myllypuro","7":"product_cat-tilavuokraukset","9":"first","10":"instock","11":"virtual","12":"taxable","13":"purchasable","14":"product-type-phive_booking"},"_links":{"self":[{"href":"https:\/\/store.metropolia.fi\/en\/wp-json\/wp\/v2\/product\/406","targetHints":{"allow":["GET"]}}],"collection":[{"href":"https:\/\/store.metropolia.fi\/en\/wp-json\/wp\/v2\/product"}],"about":[{"href":"https:\/\/store.metropolia.fi\/en\/wp-json\/wp\/v2\/types\/product"}],"wp:featuredmedia":[{"embeddable":true,"href":"https:\/\/store.metropolia.fi\/en\/wp-json\/wp\/v2\/media\/3159"}],"wp:attachment":[{"href":"https:\/\/store.metropolia.fi\/en\/wp-json\/wp\/v2\/media?parent=406"}],"wp:term":[{"taxonomy":"product_brand","embeddable":true,"href":"https:\/\/store.metropolia.fi\/en\/wp-json\/wp\/v2\/product_brand?post=406"},{"taxonomy":"product_cat","embeddable":true,"href":"https:\/\/store.metropolia.fi\/en\/wp-json\/wp\/v2\/product_cat?post=406"},{"taxonomy":"product_tag","embeddable":true,"href":"https:\/\/store.metropolia.fi\/en\/wp-json\/wp\/v2\/product_tag?post=406"}],"curies":[{"name":"wp","href":"https:\/\/api.w.org\/{rel}","templated":true}]}}