{"id":418,"date":"2023-06-01T10:43:39","date_gmt":"2023-06-01T07:43:39","guid":{"rendered":"https:\/\/store.metropolia.fi\/tuote\/oppimistila-mpc4012\/"},"modified":"2026-02-18T10:10:22","modified_gmt":"2026-02-18T08:10:22","slug":"oppimistila-mpc4012","status":"publish","type":"product","link":"https:\/\/store.metropolia.fi\/en\/product\/oppimistila-mpc4012\/","title":{"rendered":"Luokkatila, MPC4012"},"content":{"rendered":"<p>Kahden hengen p\u00f6yd\u00e4t tuoleilla, Beatbox-katsomokaluste (2kpl). Tilassa et\u00e4projektori.<\/p>\n","protected":false},"excerpt":{"rendered":"<p>Kahden hengen p\u00f6yd\u00e4t tuoleilla, Beatbox-katsomokaluste (2kpl). Tilassa et\u00e4projektori.<\/p>\n","protected":false},"featured_media":3291,"template":"","meta":[],"product_brand":[],"product_cat":[30206,30200],"product_tag":[],"class_list":{"0":"post-418","1":"product","2":"type-product","3":"status-publish","4":"has-post-thumbnail","6":"product_cat-muut-tilat-myllypuro","7":"product_cat-myllypuron-kampus-0","9":"first","10":"instock","11":"virtual","12":"taxable","13":"purchasable","14":"product-type-phive_booking"},"_links":{"self":[{"href":"https:\/\/store.metropolia.fi\/en\/wp-json\/wp\/v2\/product\/418","targetHints":{"allow":["GET"]}}],"collection":[{"href":"https:\/\/store.metropolia.fi\/en\/wp-json\/wp\/v2\/product"}],"about":[{"href":"https:\/\/store.metropolia.fi\/en\/wp-json\/wp\/v2\/types\/product"}],"wp:featuredmedia":[{"embeddable":true,"href":"https:\/\/store.metropolia.fi\/en\/wp-json\/wp\/v2\/media\/3291"}],"wp:attachment":[{"href":"https:\/\/store.metropolia.fi\/en\/wp-json\/wp\/v2\/media?parent=418"}],"wp:term":[{"taxonomy":"product_brand","embeddable":true,"href":"https:\/\/store.metropolia.fi\/en\/wp-json\/wp\/v2\/product_brand?post=418"},{"taxonomy":"product_cat","embeddable":true,"href":"https:\/\/store.metropolia.fi\/en\/wp-json\/wp\/v2\/product_cat?post=418"},{"taxonomy":"product_tag","embeddable":true,"href":"https:\/\/store.metropolia.fi\/en\/wp-json\/wp\/v2\/product_tag?post=418"}],"curies":[{"name":"wp","href":"https:\/\/api.w.org\/{rel}","templated":true}]}}