{"id":422,"date":"2023-06-01T10:43:40","date_gmt":"2023-06-01T07:43:40","guid":{"rendered":"https:\/\/store.metropolia.fi\/tuote\/oppimistila-mpc5011\/"},"modified":"2026-02-18T09:56:57","modified_gmt":"2026-02-18T07:56:57","slug":"oppimistila-mpc5011","status":"publish","type":"product","link":"https:\/\/store.metropolia.fi\/en\/product\/oppimistila-mpc5011\/","title":{"rendered":"Luokkatila, MPC5011"},"content":{"rendered":"<p>Porrastettu kalustus. Sohvat, sohvap\u00f6yd\u00e4t, eri korkuisia luentop\u00f6yti\u00e4, koulutuoleja, aktiivituoleja, py\u00f6r\u00e4llisi\u00e4 tuoleja. Tilassa et\u00e4projektori.<\/p>\n","protected":false},"excerpt":{"rendered":"<p>Porrastettu kalustus. Sohvat, sohvap\u00f6yd\u00e4t, eri korkuisia luentop\u00f6yti\u00e4, koulutuoleja, aktiivituoleja, py\u00f6r\u00e4llisi\u00e4 tuoleja. Tilassa et\u00e4projektori.<\/p>\n","protected":false},"featured_media":3351,"template":"","meta":[],"product_brand":[],"product_cat":[30206,30200],"product_tag":[],"class_list":{"0":"post-422","1":"product","2":"type-product","3":"status-publish","4":"has-post-thumbnail","6":"product_cat-muut-tilat-myllypuro","7":"product_cat-myllypuron-kampus-0","9":"first","10":"instock","11":"virtual","12":"taxable","13":"purchasable","14":"product-type-phive_booking"},"_links":{"self":[{"href":"https:\/\/store.metropolia.fi\/en\/wp-json\/wp\/v2\/product\/422","targetHints":{"allow":["GET"]}}],"collection":[{"href":"https:\/\/store.metropolia.fi\/en\/wp-json\/wp\/v2\/product"}],"about":[{"href":"https:\/\/store.metropolia.fi\/en\/wp-json\/wp\/v2\/types\/product"}],"wp:featuredmedia":[{"embeddable":true,"href":"https:\/\/store.metropolia.fi\/en\/wp-json\/wp\/v2\/media\/3351"}],"wp:attachment":[{"href":"https:\/\/store.metropolia.fi\/en\/wp-json\/wp\/v2\/media?parent=422"}],"wp:term":[{"taxonomy":"product_brand","embeddable":true,"href":"https:\/\/store.metropolia.fi\/en\/wp-json\/wp\/v2\/product_brand?post=422"},{"taxonomy":"product_cat","embeddable":true,"href":"https:\/\/store.metropolia.fi\/en\/wp-json\/wp\/v2\/product_cat?post=422"},{"taxonomy":"product_tag","embeddable":true,"href":"https:\/\/store.metropolia.fi\/en\/wp-json\/wp\/v2\/product_tag?post=422"}],"curies":[{"name":"wp","href":"https:\/\/api.w.org\/{rel}","templated":true}]}}