{"id":424,"date":"2023-06-01T10:43:40","date_gmt":"2023-06-01T07:43:40","guid":{"rendered":"https:\/\/store.metropolia.fi\/tuote\/mpc5013\/"},"modified":"2026-02-23T12:29:08","modified_gmt":"2026-02-23T10:29:08","slug":"mpc5013","status":"publish","type":"product","link":"https:\/\/store.metropolia.fi\/en\/product\/mpc5013\/","title":{"rendered":"Kokoustila, MPC5013"},"content":{"rendered":"<p>Tilassa sohvia ja nojatuoleja, korkeuss\u00e4\u00e4dett\u00e4v\u00e4t py\u00f6re\u00e4t p\u00f6yd\u00e4t. Tilassa esitysn\u00e4ytt\u00f6<\/p>\n","protected":false},"excerpt":{"rendered":"<p>Tilassa sohvia ja nojatuoleja, korkeuss\u00e4\u00e4dett\u00e4v\u00e4t py\u00f6re\u00e4t p\u00f6yd\u00e4t. Tilassa esitysn\u00e4ytt\u00f6<\/p>\n","protected":false},"featured_media":3381,"template":"","meta":[],"product_brand":[],"product_cat":[30206,30200],"product_tag":[],"class_list":{"0":"post-424","1":"product","2":"type-product","3":"status-publish","4":"has-post-thumbnail","6":"product_cat-muut-tilat-myllypuro","7":"product_cat-myllypuron-kampus-0","9":"first","10":"instock","11":"virtual","12":"taxable","13":"purchasable","14":"product-type-phive_booking"},"_links":{"self":[{"href":"https:\/\/store.metropolia.fi\/en\/wp-json\/wp\/v2\/product\/424","targetHints":{"allow":["GET"]}}],"collection":[{"href":"https:\/\/store.metropolia.fi\/en\/wp-json\/wp\/v2\/product"}],"about":[{"href":"https:\/\/store.metropolia.fi\/en\/wp-json\/wp\/v2\/types\/product"}],"wp:featuredmedia":[{"embeddable":true,"href":"https:\/\/store.metropolia.fi\/en\/wp-json\/wp\/v2\/media\/3381"}],"wp:attachment":[{"href":"https:\/\/store.metropolia.fi\/en\/wp-json\/wp\/v2\/media?parent=424"}],"wp:term":[{"taxonomy":"product_brand","embeddable":true,"href":"https:\/\/store.metropolia.fi\/en\/wp-json\/wp\/v2\/product_brand?post=424"},{"taxonomy":"product_cat","embeddable":true,"href":"https:\/\/store.metropolia.fi\/en\/wp-json\/wp\/v2\/product_cat?post=424"},{"taxonomy":"product_tag","embeddable":true,"href":"https:\/\/store.metropolia.fi\/en\/wp-json\/wp\/v2\/product_tag?post=424"}],"curies":[{"name":"wp","href":"https:\/\/api.w.org\/{rel}","templated":true}]}}