{"id":426,"date":"2023-06-01T10:43:41","date_gmt":"2023-06-01T07:43:41","guid":{"rendered":"https:\/\/store.metropolia.fi\/tuote\/myllypuro-sali-mpd1002\/"},"modified":"2026-02-23T13:05:41","modified_gmt":"2026-02-23T11:05:41","slug":"myllypuro-sali-mpd1002","status":"publish","type":"product","link":"https:\/\/store.metropolia.fi\/en\/product\/myllypuro-sali-mpd1002\/","title":{"rendered":"Myllypuro-sali, MPD1002"},"content":{"rendered":"<p>Tila on auditoriomainen, ja siin\u00e4 on esiintymislava sek\u00e4 katsomo samalla tasolla. Kalustukseen kuuluu kahden hengen p\u00f6yti\u00e4 ja tuoleja. Tilassa on et\u00e4projektori. Suurin sallittu henkil\u00f6m\u00e4\u00e4r\u00e4 on 200 henkil\u00f6\u00e4 ilman p\u00f6yti\u00e4. P\u00f6ytien kanssa tilassa on 102 istumapaikkaa.<\/p>\n","protected":false},"excerpt":{"rendered":"<p>Tila on auditoriomainen, ja siin\u00e4 on esiintymislava sek\u00e4 katsomo samalla tasolla. Kalustukseen kuuluu kahden hengen p\u00f6yti\u00e4 ja tuoleja. Tilassa on et\u00e4projektori. Suurin sallittu henkil\u00f6m\u00e4\u00e4r\u00e4 on 200 henkil\u00f6\u00e4 ilman p\u00f6yti\u00e4. P\u00f6ytien kanssa tilassa on 102 istumapaikkaa.<\/p>\n","protected":false},"featured_media":3408,"template":"","meta":[],"product_brand":[],"product_cat":[30206,79],"product_tag":[],"class_list":{"0":"post-426","1":"product","2":"type-product","3":"status-publish","4":"has-post-thumbnail","6":"product_cat-muut-tilat-myllypuro","7":"product_cat-tilavuokraukset","9":"first","10":"instock","11":"virtual","12":"taxable","13":"purchasable","14":"product-type-phive_booking"},"_links":{"self":[{"href":"https:\/\/store.metropolia.fi\/en\/wp-json\/wp\/v2\/product\/426","targetHints":{"allow":["GET"]}}],"collection":[{"href":"https:\/\/store.metropolia.fi\/en\/wp-json\/wp\/v2\/product"}],"about":[{"href":"https:\/\/store.metropolia.fi\/en\/wp-json\/wp\/v2\/types\/product"}],"wp:featuredmedia":[{"embeddable":true,"href":"https:\/\/store.metropolia.fi\/en\/wp-json\/wp\/v2\/media\/3408"}],"wp:attachment":[{"href":"https:\/\/store.metropolia.fi\/en\/wp-json\/wp\/v2\/media?parent=426"}],"wp:term":[{"taxonomy":"product_brand","embeddable":true,"href":"https:\/\/store.metropolia.fi\/en\/wp-json\/wp\/v2\/product_brand?post=426"},{"taxonomy":"product_cat","embeddable":true,"href":"https:\/\/store.metropolia.fi\/en\/wp-json\/wp\/v2\/product_cat?post=426"},{"taxonomy":"product_tag","embeddable":true,"href":"https:\/\/store.metropolia.fi\/en\/wp-json\/wp\/v2\/product_tag?post=426"}],"curies":[{"name":"wp","href":"https:\/\/api.w.org\/{rel}","templated":true}]}}