{"id":428,"date":"2023-06-01T10:43:41","date_gmt":"2023-06-01T07:43:41","guid":{"rendered":"https:\/\/store.metropolia.fi\/tuote\/mpd1006\/"},"modified":"2026-02-23T12:29:33","modified_gmt":"2026-02-23T10:29:33","slug":"mpd1006","status":"publish","type":"product","link":"https:\/\/store.metropolia.fi\/en\/product\/mpd1006\/","title":{"rendered":"Kokoustila, MPD1006"},"content":{"rendered":"<p>Pieni kokoustila, py\u00f6re\u00e4t p\u00f6yd\u00e4t ja nojatuolit,<strong> tilassa ei ole esitystekniikkaa<\/strong><\/p>\n","protected":false},"excerpt":{"rendered":"<p>Pieni kokoustila, py\u00f6re\u00e4t p\u00f6yd\u00e4t ja nojatuolit, tilassa ei ole esitystekniikkaa<\/p>\n","protected":false},"featured_media":3441,"template":"","meta":[],"product_brand":[],"product_cat":[30206,30200],"product_tag":[],"class_list":{"0":"post-428","1":"product","2":"type-product","3":"status-publish","4":"has-post-thumbnail","6":"product_cat-muut-tilat-myllypuro","7":"product_cat-myllypuron-kampus-0","9":"first","10":"instock","11":"virtual","12":"taxable","13":"purchasable","14":"product-type-phive_booking"},"_links":{"self":[{"href":"https:\/\/store.metropolia.fi\/en\/wp-json\/wp\/v2\/product\/428","targetHints":{"allow":["GET"]}}],"collection":[{"href":"https:\/\/store.metropolia.fi\/en\/wp-json\/wp\/v2\/product"}],"about":[{"href":"https:\/\/store.metropolia.fi\/en\/wp-json\/wp\/v2\/types\/product"}],"wp:featuredmedia":[{"embeddable":true,"href":"https:\/\/store.metropolia.fi\/en\/wp-json\/wp\/v2\/media\/3441"}],"wp:attachment":[{"href":"https:\/\/store.metropolia.fi\/en\/wp-json\/wp\/v2\/media?parent=428"}],"wp:term":[{"taxonomy":"product_brand","embeddable":true,"href":"https:\/\/store.metropolia.fi\/en\/wp-json\/wp\/v2\/product_brand?post=428"},{"taxonomy":"product_cat","embeddable":true,"href":"https:\/\/store.metropolia.fi\/en\/wp-json\/wp\/v2\/product_cat?post=428"},{"taxonomy":"product_tag","embeddable":true,"href":"https:\/\/store.metropolia.fi\/en\/wp-json\/wp\/v2\/product_tag?post=428"}],"curies":[{"name":"wp","href":"https:\/\/api.w.org\/{rel}","templated":true}]}}