{"id":430,"date":"2023-06-01T10:43:41","date_gmt":"2023-06-01T07:43:41","guid":{"rendered":"https:\/\/store.metropolia.fi\/tuote\/mpd1008\/"},"modified":"2026-02-23T12:31:12","modified_gmt":"2026-02-23T10:31:12","slug":"mpd1008","status":"publish","type":"product","link":"https:\/\/store.metropolia.fi\/en\/product\/mpd1008\/","title":{"rendered":"Kokoustila, MPD1008"},"content":{"rendered":"<p>Pieni kokoustila, py\u00f6re\u00e4 p\u00f6yt\u00e4 ja nojatuolit, <strong>tilassa ei ole esitystekniikkaa<\/strong><\/p>\n","protected":false},"excerpt":{"rendered":"<p>Pieni kokoustila, py\u00f6re\u00e4 p\u00f6yt\u00e4 ja nojatuolit, tilassa ei ole esitystekniikkaa<\/p>\n","protected":false},"featured_media":3459,"template":"","meta":[],"product_brand":[],"product_cat":[30206,30200],"product_tag":[],"class_list":{"0":"post-430","1":"product","2":"type-product","3":"status-publish","4":"has-post-thumbnail","6":"product_cat-muut-tilat-myllypuro","7":"product_cat-myllypuron-kampus-0","9":"first","10":"instock","11":"virtual","12":"taxable","13":"purchasable","14":"product-type-phive_booking"},"_links":{"self":[{"href":"https:\/\/store.metropolia.fi\/en\/wp-json\/wp\/v2\/product\/430","targetHints":{"allow":["GET"]}}],"collection":[{"href":"https:\/\/store.metropolia.fi\/en\/wp-json\/wp\/v2\/product"}],"about":[{"href":"https:\/\/store.metropolia.fi\/en\/wp-json\/wp\/v2\/types\/product"}],"wp:featuredmedia":[{"embeddable":true,"href":"https:\/\/store.metropolia.fi\/en\/wp-json\/wp\/v2\/media\/3459"}],"wp:attachment":[{"href":"https:\/\/store.metropolia.fi\/en\/wp-json\/wp\/v2\/media?parent=430"}],"wp:term":[{"taxonomy":"product_brand","embeddable":true,"href":"https:\/\/store.metropolia.fi\/en\/wp-json\/wp\/v2\/product_brand?post=430"},{"taxonomy":"product_cat","embeddable":true,"href":"https:\/\/store.metropolia.fi\/en\/wp-json\/wp\/v2\/product_cat?post=430"},{"taxonomy":"product_tag","embeddable":true,"href":"https:\/\/store.metropolia.fi\/en\/wp-json\/wp\/v2\/product_tag?post=430"}],"curies":[{"name":"wp","href":"https:\/\/api.w.org\/{rel}","templated":true}]}}