{"id":438,"date":"2023-06-01T10:43:43","date_gmt":"2023-06-01T07:43:43","guid":{"rendered":"https:\/\/store.metropolia.fi\/tuote\/tapahtumasali-1-ar128a\/"},"modified":"2026-02-23T09:06:04","modified_gmt":"2026-02-23T07:06:04","slug":"tapahtumasali-1-ar128a","status":"publish","type":"product","link":"https:\/\/store.metropolia.fi\/en\/product\/tapahtumasali-1-ar128a\/","title":{"rendered":"Tapahtumasali 1, AR128a"},"content":{"rendered":"<p>Kahden hengen p\u00f6yd\u00e4t tuoleilla. Tilassa et\u00e4projektori<\/p>\n","protected":false},"excerpt":{"rendered":"<p>Kahden hengen p\u00f6yd\u00e4t tuoleilla. Tilassa et\u00e4projektori<\/p>\n","protected":false},"featured_media":828,"template":"","meta":[],"product_brand":[],"product_cat":[30194],"product_tag":[],"class_list":{"0":"post-438","1":"product","2":"type-product","3":"status-publish","4":"has-post-thumbnail","6":"product_cat-arabian-kampus-0","8":"first","9":"instock","10":"virtual","11":"taxable","12":"purchasable","13":"product-type-phive_booking"},"_links":{"self":[{"href":"https:\/\/store.metropolia.fi\/en\/wp-json\/wp\/v2\/product\/438","targetHints":{"allow":["GET"]}}],"collection":[{"href":"https:\/\/store.metropolia.fi\/en\/wp-json\/wp\/v2\/product"}],"about":[{"href":"https:\/\/store.metropolia.fi\/en\/wp-json\/wp\/v2\/types\/product"}],"wp:featuredmedia":[{"embeddable":true,"href":"https:\/\/store.metropolia.fi\/en\/wp-json\/wp\/v2\/media\/828"}],"wp:attachment":[{"href":"https:\/\/store.metropolia.fi\/en\/wp-json\/wp\/v2\/media?parent=438"}],"wp:term":[{"taxonomy":"product_brand","embeddable":true,"href":"https:\/\/store.metropolia.fi\/en\/wp-json\/wp\/v2\/product_brand?post=438"},{"taxonomy":"product_cat","embeddable":true,"href":"https:\/\/store.metropolia.fi\/en\/wp-json\/wp\/v2\/product_cat?post=438"},{"taxonomy":"product_tag","embeddable":true,"href":"https:\/\/store.metropolia.fi\/en\/wp-json\/wp\/v2\/product_tag?post=438"}],"curies":[{"name":"wp","href":"https:\/\/api.w.org\/{rel}","templated":true}]}}