{"id":441,"date":"2023-06-01T10:43:43","date_gmt":"2023-06-01T07:43:43","guid":{"rendered":"https:\/\/store.metropolia.fi\/tuote\/ar225\/"},"modified":"2026-02-23T08:03:26","modified_gmt":"2026-02-23T06:03:26","slug":"ar225","status":"publish","type":"product","link":"https:\/\/store.metropolia.fi\/en\/product\/ar225\/","title":{"rendered":"Kokoustila Aisti, AR225"},"content":{"rendered":"<p>Pieni kokoustila sivup\u00f6yd\u00e4ll\u00e4 p\u00f6yd\u00e4ll\u00e4 ja nojatuoleilla. Tilassa interaktiivinen esitysn\u00e4ytt\u00f6<\/p>\n","protected":false},"excerpt":{"rendered":"<p>Pieni kokoustila sivup\u00f6yd\u00e4ll\u00e4 p\u00f6yd\u00e4ll\u00e4 ja nojatuoleilla. Tilassa interaktiivinen esitysn\u00e4ytt\u00f6<\/p>\n","protected":false},"featured_media":924,"template":"","meta":[],"product_brand":[],"product_cat":[30194],"product_tag":[],"class_list":{"0":"post-441","1":"product","2":"type-product","3":"status-publish","4":"has-post-thumbnail","6":"product_cat-arabian-kampus-0","8":"first","9":"instock","10":"virtual","11":"taxable","12":"purchasable","13":"product-type-phive_booking"},"_links":{"self":[{"href":"https:\/\/store.metropolia.fi\/en\/wp-json\/wp\/v2\/product\/441","targetHints":{"allow":["GET"]}}],"collection":[{"href":"https:\/\/store.metropolia.fi\/en\/wp-json\/wp\/v2\/product"}],"about":[{"href":"https:\/\/store.metropolia.fi\/en\/wp-json\/wp\/v2\/types\/product"}],"wp:featuredmedia":[{"embeddable":true,"href":"https:\/\/store.metropolia.fi\/en\/wp-json\/wp\/v2\/media\/924"}],"wp:attachment":[{"href":"https:\/\/store.metropolia.fi\/en\/wp-json\/wp\/v2\/media?parent=441"}],"wp:term":[{"taxonomy":"product_brand","embeddable":true,"href":"https:\/\/store.metropolia.fi\/en\/wp-json\/wp\/v2\/product_brand?post=441"},{"taxonomy":"product_cat","embeddable":true,"href":"https:\/\/store.metropolia.fi\/en\/wp-json\/wp\/v2\/product_cat?post=441"},{"taxonomy":"product_tag","embeddable":true,"href":"https:\/\/store.metropolia.fi\/en\/wp-json\/wp\/v2\/product_tag?post=441"}],"curies":[{"name":"wp","href":"https:\/\/api.w.org\/{rel}","templated":true}]}}