{"id":443,"date":"2023-06-01T10:43:43","date_gmt":"2023-06-01T07:43:43","guid":{"rendered":"https:\/\/store.metropolia.fi\/tuote\/ar223\/"},"modified":"2026-02-23T08:05:25","modified_gmt":"2026-02-23T06:05:25","slug":"ar223","status":"publish","type":"product","link":"https:\/\/store.metropolia.fi\/en\/product\/ar223\/","title":{"rendered":"Kokoustila Efekti, AR223"},"content":{"rendered":"<p>Pieni kokoustila py\u00f6re\u00e4ll\u00e4 p\u00f6yd\u00e4ll\u00e4 ja nojatuoleilla. Tilassa interaktiivinen esitysn\u00e4ytt\u00f6<\/p>\n","protected":false},"excerpt":{"rendered":"<p>Pieni kokoustila py\u00f6re\u00e4ll\u00e4 p\u00f6yd\u00e4ll\u00e4 ja nojatuoleilla. Tilassa interaktiivinen esitysn\u00e4ytt\u00f6<\/p>\n","protected":false},"featured_media":900,"template":"","meta":[],"product_brand":[],"product_cat":[30194],"product_tag":[],"class_list":{"0":"post-443","1":"product","2":"type-product","3":"status-publish","4":"has-post-thumbnail","6":"product_cat-arabian-kampus-0","8":"first","9":"instock","10":"virtual","11":"taxable","12":"purchasable","13":"product-type-phive_booking"},"_links":{"self":[{"href":"https:\/\/store.metropolia.fi\/en\/wp-json\/wp\/v2\/product\/443","targetHints":{"allow":["GET"]}}],"collection":[{"href":"https:\/\/store.metropolia.fi\/en\/wp-json\/wp\/v2\/product"}],"about":[{"href":"https:\/\/store.metropolia.fi\/en\/wp-json\/wp\/v2\/types\/product"}],"wp:featuredmedia":[{"embeddable":true,"href":"https:\/\/store.metropolia.fi\/en\/wp-json\/wp\/v2\/media\/900"}],"wp:attachment":[{"href":"https:\/\/store.metropolia.fi\/en\/wp-json\/wp\/v2\/media?parent=443"}],"wp:term":[{"taxonomy":"product_brand","embeddable":true,"href":"https:\/\/store.metropolia.fi\/en\/wp-json\/wp\/v2\/product_brand?post=443"},{"taxonomy":"product_cat","embeddable":true,"href":"https:\/\/store.metropolia.fi\/en\/wp-json\/wp\/v2\/product_cat?post=443"},{"taxonomy":"product_tag","embeddable":true,"href":"https:\/\/store.metropolia.fi\/en\/wp-json\/wp\/v2\/product_tag?post=443"}],"curies":[{"name":"wp","href":"https:\/\/api.w.org\/{rel}","templated":true}]}}