{"id":455,"date":"2023-06-01T10:43:45","date_gmt":"2023-06-01T07:43:45","guid":{"rendered":"https:\/\/store.metropolia.fi\/tuote\/oppimistila-mma125\/"},"modified":"2026-02-20T11:34:01","modified_gmt":"2026-02-20T09:34:01","slug":"oppimistila-mma125","status":"publish","type":"product","link":"https:\/\/store.metropolia.fi\/en\/product\/oppimistila-mma125\/","title":{"rendered":"Luokkatila, MMA125"},"content":{"rendered":"<p>Nelj\u00e4n hengen p\u00f6yd\u00e4t tuoleilla. Tilassa et\u00e4projektori<\/p>\n","protected":false},"excerpt":{"rendered":"<p>Nelj\u00e4n hengen p\u00f6yd\u00e4t tuoleilla. Tilassa et\u00e4projektori<\/p>\n","protected":false},"featured_media":1548,"template":"","meta":[],"product_brand":[],"product_cat":[30215,30209],"product_tag":[],"class_list":{"0":"post-455","1":"product","2":"type-product","3":"status-publish","4":"has-post-thumbnail","6":"product_cat-muut-tilat-myyrmaki","7":"product_cat-myyrmaen-kampus-0","9":"first","10":"instock","11":"virtual","12":"taxable","13":"purchasable","14":"product-type-phive_booking"},"_links":{"self":[{"href":"https:\/\/store.metropolia.fi\/en\/wp-json\/wp\/v2\/product\/455","targetHints":{"allow":["GET"]}}],"collection":[{"href":"https:\/\/store.metropolia.fi\/en\/wp-json\/wp\/v2\/product"}],"about":[{"href":"https:\/\/store.metropolia.fi\/en\/wp-json\/wp\/v2\/types\/product"}],"wp:featuredmedia":[{"embeddable":true,"href":"https:\/\/store.metropolia.fi\/en\/wp-json\/wp\/v2\/media\/1548"}],"wp:attachment":[{"href":"https:\/\/store.metropolia.fi\/en\/wp-json\/wp\/v2\/media?parent=455"}],"wp:term":[{"taxonomy":"product_brand","embeddable":true,"href":"https:\/\/store.metropolia.fi\/en\/wp-json\/wp\/v2\/product_brand?post=455"},{"taxonomy":"product_cat","embeddable":true,"href":"https:\/\/store.metropolia.fi\/en\/wp-json\/wp\/v2\/product_cat?post=455"},{"taxonomy":"product_tag","embeddable":true,"href":"https:\/\/store.metropolia.fi\/en\/wp-json\/wp\/v2\/product_tag?post=455"}],"curies":[{"name":"wp","href":"https:\/\/api.w.org\/{rel}","templated":true}]}}