{"id":456,"date":"2023-06-01T10:43:46","date_gmt":"2023-06-01T07:43:46","guid":{"rendered":"https:\/\/store.metropolia.fi\/tuote\/a-auditorio-mma101\/"},"modified":"2026-02-23T10:06:23","modified_gmt":"2026-02-23T08:06:23","slug":"a-auditorio-mma101","status":"publish","type":"product","link":"https:\/\/store.metropolia.fi\/en\/product\/a-auditorio-mma101\/","title":{"rendered":"A-auditorio, MMA101"},"content":{"rendered":"<p>Kaareva auditoriotila et\u00e4projektorilla ja \u00e4\u00e4nentoistolla, tuoliriveill\u00e4 p\u00f6yt\u00e4tasot<\/p>\n","protected":false},"excerpt":{"rendered":"<p>Kaareva auditoriotila et\u00e4projektorilla ja \u00e4\u00e4nentoistolla, tuoliriveill\u00e4 p\u00f6yt\u00e4tasot<\/p>\n","protected":false},"featured_media":1425,"template":"","meta":[],"product_brand":[],"product_cat":[30215,30209],"product_tag":[],"class_list":{"0":"post-456","1":"product","2":"type-product","3":"status-publish","4":"has-post-thumbnail","6":"product_cat-muut-tilat-myyrmaki","7":"product_cat-myyrmaen-kampus-0","9":"first","10":"instock","11":"virtual","12":"taxable","13":"purchasable","14":"product-type-phive_booking"},"_links":{"self":[{"href":"https:\/\/store.metropolia.fi\/en\/wp-json\/wp\/v2\/product\/456","targetHints":{"allow":["GET"]}}],"collection":[{"href":"https:\/\/store.metropolia.fi\/en\/wp-json\/wp\/v2\/product"}],"about":[{"href":"https:\/\/store.metropolia.fi\/en\/wp-json\/wp\/v2\/types\/product"}],"wp:featuredmedia":[{"embeddable":true,"href":"https:\/\/store.metropolia.fi\/en\/wp-json\/wp\/v2\/media\/1425"}],"wp:attachment":[{"href":"https:\/\/store.metropolia.fi\/en\/wp-json\/wp\/v2\/media?parent=456"}],"wp:term":[{"taxonomy":"product_brand","embeddable":true,"href":"https:\/\/store.metropolia.fi\/en\/wp-json\/wp\/v2\/product_brand?post=456"},{"taxonomy":"product_cat","embeddable":true,"href":"https:\/\/store.metropolia.fi\/en\/wp-json\/wp\/v2\/product_cat?post=456"},{"taxonomy":"product_tag","embeddable":true,"href":"https:\/\/store.metropolia.fi\/en\/wp-json\/wp\/v2\/product_tag?post=456"}],"curies":[{"name":"wp","href":"https:\/\/api.w.org\/{rel}","templated":true}]}}