{"id":467,"date":"2023-06-01T10:43:47","date_gmt":"2023-06-01T07:43:47","guid":{"rendered":"https:\/\/store.metropolia.fi\/tuote\/auditorio-1-krs-mmb101\/"},"modified":"2026-02-23T10:07:48","modified_gmt":"2026-02-23T08:07:48","slug":"auditorio-1-krs-mmb101","status":"publish","type":"product","link":"https:\/\/store.metropolia.fi\/en\/product\/auditorio-1-krs-mmb101\/","title":{"rendered":"B-auditorio 1krs. MMB101"},"content":{"rendered":"<p>Keskikokoinen auditorio, tuoliriveill\u00e4 p\u00f6yt\u00e4tasot. Tilassa et\u00e4projektori sek\u00e4 esitysn\u00e4ytt\u00f6.<\/p>\n","protected":false},"excerpt":{"rendered":"<p>Keskikokoinen auditorio, tuoliriveill\u00e4 p\u00f6yt\u00e4tasot. Tilassa et\u00e4projektori sek\u00e4 esitysn\u00e4ytt\u00f6.<\/p>\n","protected":false},"featured_media":1734,"template":"","meta":[],"product_brand":[],"product_cat":[30215,30209],"product_tag":[],"class_list":{"0":"post-467","1":"product","2":"type-product","3":"status-publish","4":"has-post-thumbnail","6":"product_cat-muut-tilat-myyrmaki","7":"product_cat-myyrmaen-kampus-0","9":"first","10":"instock","11":"virtual","12":"taxable","13":"purchasable","14":"product-type-phive_booking"},"_links":{"self":[{"href":"https:\/\/store.metropolia.fi\/en\/wp-json\/wp\/v2\/product\/467","targetHints":{"allow":["GET"]}}],"collection":[{"href":"https:\/\/store.metropolia.fi\/en\/wp-json\/wp\/v2\/product"}],"about":[{"href":"https:\/\/store.metropolia.fi\/en\/wp-json\/wp\/v2\/types\/product"}],"wp:featuredmedia":[{"embeddable":true,"href":"https:\/\/store.metropolia.fi\/en\/wp-json\/wp\/v2\/media\/1734"}],"wp:attachment":[{"href":"https:\/\/store.metropolia.fi\/en\/wp-json\/wp\/v2\/media?parent=467"}],"wp:term":[{"taxonomy":"product_brand","embeddable":true,"href":"https:\/\/store.metropolia.fi\/en\/wp-json\/wp\/v2\/product_brand?post=467"},{"taxonomy":"product_cat","embeddable":true,"href":"https:\/\/store.metropolia.fi\/en\/wp-json\/wp\/v2\/product_cat?post=467"},{"taxonomy":"product_tag","embeddable":true,"href":"https:\/\/store.metropolia.fi\/en\/wp-json\/wp\/v2\/product_tag?post=467"}],"curies":[{"name":"wp","href":"https:\/\/api.w.org\/{rel}","templated":true}]}}