{"id":5076,"date":"2024-10-16T15:21:11","date_gmt":"2024-10-16T12:21:11","guid":{"rendered":"https:\/\/store.metropolia.fi\/tuote\/from-metropolia-to-the-world-basses-on-stage\/"},"modified":"2026-04-16T21:37:56","modified_gmt":"2026-04-16T18:37:56","slug":"from-metropolia-to-the-world-basses-on-stage","status":"publish","type":"product","link":"https:\/\/store.metropolia.fi\/en\/product\/from-metropolia-to-the-world-basses-on-stage\/","title":{"rendered":"From Metropolia to the World &#8211; Basses on Stage 20.11.2024"},"content":{"rendered":"<p>Internationally renowned basses Mika Kares and Erik Rousi, accompanied by pianist Mikael Loponen, will perform in Ruoholahti at the Helsinki Conservatory Concert Hall on Wednesday, November 20th, 2024. The program includes, among others, songs by Merikanto and favorite arias from Mozart, Wagner, and Verdi. Welcome to a unique and surprising concert!<\/p>\n<h2>On stage<\/h2>\n<ul>\n<li>Mika Kares, bass<\/li>\n<li>Erik Rousi, bass<\/li>\n<li>Mikael Loponen, piano<\/li>\n<\/ul>\n<p>+ a special guest!<\/p>\n<p>Konsertin tuotto k\u00e4ytet\u00e4\u00e4n Metropolian musiikin tutkinnon klassisen laulun opiskelijoiden n\u00e4ytt\u00e4m\u00f6koulutukseen.<\/p>\n<h3>Time<\/h3>\n<p>20.11.2024 at 7 PM<\/p>\n<p>Lenght of the performance approx. 75 minutes, no intermission.\u00a0<\/p>\n<h3>Venue<\/h3>\n<p>Helsingin Konservatorion konserttisali\u00a0<\/p>\n<p>Ruoholahdentori 6, Helsinki<\/p>\n<h3>Price<\/h3>\n<ul>\n<li>normal price 30 euros<\/li>\n<li>concessions (pensioners, unemployed, conscripts) 15 euros<\/li>\n<li>Students and under 18s free*<\/li>\n<li>Personal assistents free<\/li>\n<\/ul>\n<p>Advance ticket sales end one hour before the concert begins.<\/p>\n<p>Ticket sales at the venue start one hour before the concert. Payment can be made by debit or credit card, unfortunately no cash payments accepted.<\/p>\n<p>Please note that seating is unnumbered.<\/p>\n<p>Please bring the document that entitles you to a discount or free admission; it will be checked at the door.<\/p>\n<p>*Send your seat reservation to music (at) metropolia.fi by November 20th at 3 PM. Remaining seats will be available at the door.<\/p>\n","protected":false},"excerpt":{"rendered":"<p>Internationally renowned basses Mika Kares and Erik Rousi, accompanied by pianist Mikael Loponen, will perform in Ruoholahti at the Helsinki Conservatory Concert Hall on Wednesday, November 20th, 2024. The program includes, among others, songs by Merikanto and favorite arias from Mozart, Wagner, and Verdi. Welcome to a unique and surprising concert! On stage Mika Kares, [&hellip;]<\/p>\n","protected":false},"featured_media":5073,"template":"","meta":[],"product_brand":[],"product_cat":[74],"product_tag":[],"class_list":{"0":"post-5076","1":"product","2":"type-product","3":"status-publish","4":"has-post-thumbnail","6":"product_cat-concert-and-opera-tickets","8":"first","9":"instock","10":"taxable","11":"shipping-taxable","12":"product-type-variable"},"_links":{"self":[{"href":"https:\/\/store.metropolia.fi\/en\/wp-json\/wp\/v2\/product\/5076","targetHints":{"allow":["GET"]}}],"collection":[{"href":"https:\/\/store.metropolia.fi\/en\/wp-json\/wp\/v2\/product"}],"about":[{"href":"https:\/\/store.metropolia.fi\/en\/wp-json\/wp\/v2\/types\/product"}],"wp:featuredmedia":[{"embeddable":true,"href":"https:\/\/store.metropolia.fi\/en\/wp-json\/wp\/v2\/media\/5073"}],"wp:attachment":[{"href":"https:\/\/store.metropolia.fi\/en\/wp-json\/wp\/v2\/media?parent=5076"}],"wp:term":[{"taxonomy":"product_brand","embeddable":true,"href":"https:\/\/store.metropolia.fi\/en\/wp-json\/wp\/v2\/product_brand?post=5076"},{"taxonomy":"product_cat","embeddable":true,"href":"https:\/\/store.metropolia.fi\/en\/wp-json\/wp\/v2\/product_cat?post=5076"},{"taxonomy":"product_tag","embeddable":true,"href":"https:\/\/store.metropolia.fi\/en\/wp-json\/wp\/v2\/product_tag?post=5076"}],"curies":[{"name":"wp","href":"https:\/\/api.w.org\/{rel}","templated":true}]}}