{"id":511,"date":"2023-06-01T10:43:55","date_gmt":"2023-06-01T07:43:55","guid":{"rendered":"https:\/\/store.metropolia.fi\/tuote\/oppimistila-kme659\/"},"modified":"2026-02-16T12:31:28","modified_gmt":"2026-02-16T10:31:28","slug":"oppimistila-kme659","status":"publish","type":"product","link":"https:\/\/store.metropolia.fi\/en\/product\/oppimistila-kme659\/","title":{"rendered":"Luokkatila, KME659"},"content":{"rendered":"<p>Yhden hengen p\u00f6yd\u00e4t tuoleilla sek\u00e4 et\u00e4projektori.<\/p>\n","protected":false},"excerpt":{"rendered":"<p>Yhden hengen p\u00f6yd\u00e4t tuoleilla sek\u00e4 et\u00e4projektori.<\/p>\n","protected":false},"featured_media":1257,"template":"","meta":[],"product_brand":[],"product_cat":[30197],"product_tag":[],"class_list":{"0":"post-511","1":"product","2":"type-product","3":"status-publish","4":"has-post-thumbnail","6":"product_cat-karamalmin-kampus-0","8":"first","9":"instock","10":"virtual","11":"taxable","12":"purchasable","13":"product-type-phive_booking"},"_links":{"self":[{"href":"https:\/\/store.metropolia.fi\/en\/wp-json\/wp\/v2\/product\/511","targetHints":{"allow":["GET"]}}],"collection":[{"href":"https:\/\/store.metropolia.fi\/en\/wp-json\/wp\/v2\/product"}],"about":[{"href":"https:\/\/store.metropolia.fi\/en\/wp-json\/wp\/v2\/types\/product"}],"wp:featuredmedia":[{"embeddable":true,"href":"https:\/\/store.metropolia.fi\/en\/wp-json\/wp\/v2\/media\/1257"}],"wp:attachment":[{"href":"https:\/\/store.metropolia.fi\/en\/wp-json\/wp\/v2\/media?parent=511"}],"wp:term":[{"taxonomy":"product_brand","embeddable":true,"href":"https:\/\/store.metropolia.fi\/en\/wp-json\/wp\/v2\/product_brand?post=511"},{"taxonomy":"product_cat","embeddable":true,"href":"https:\/\/store.metropolia.fi\/en\/wp-json\/wp\/v2\/product_cat?post=511"},{"taxonomy":"product_tag","embeddable":true,"href":"https:\/\/store.metropolia.fi\/en\/wp-json\/wp\/v2\/product_tag?post=511"}],"curies":[{"name":"wp","href":"https:\/\/api.w.org\/{rel}","templated":true}]}}