{"id":522,"date":"2023-06-01T10:43:57","date_gmt":"2023-06-01T07:43:57","guid":{"rendered":"https:\/\/store.metropolia.fi\/tuote\/ar105\/"},"modified":"2026-02-16T09:44:48","modified_gmt":"2026-02-16T07:44:48","slug":"ar105","status":"publish","type":"product","link":"https:\/\/store.metropolia.fi\/en\/product\/ar105\/","title":{"rendered":"Luokkatila Spektri, AR105"},"content":{"rendered":"<p>Pieni luokkatila p\u00f6ydill\u00e4 ja py\u00f6r\u00e4llisill\u00e4 tuoleilla. Tilassa esitysn\u00e4ytt\u00f6<\/p>\n","protected":false},"excerpt":{"rendered":"<p>Pieni luokkatila p\u00f6ydill\u00e4 ja py\u00f6r\u00e4llisill\u00e4 tuoleilla. Tilassa esitysn\u00e4ytt\u00f6<\/p>\n","protected":false},"featured_media":765,"template":"","meta":[],"product_brand":[],"product_cat":[30194],"product_tag":[],"class_list":{"0":"post-522","1":"product","2":"type-product","3":"status-publish","4":"has-post-thumbnail","6":"product_cat-arabian-kampus-0","8":"first","9":"instock","10":"virtual","11":"taxable","12":"purchasable","13":"product-type-phive_booking"},"_links":{"self":[{"href":"https:\/\/store.metropolia.fi\/en\/wp-json\/wp\/v2\/product\/522","targetHints":{"allow":["GET"]}}],"collection":[{"href":"https:\/\/store.metropolia.fi\/en\/wp-json\/wp\/v2\/product"}],"about":[{"href":"https:\/\/store.metropolia.fi\/en\/wp-json\/wp\/v2\/types\/product"}],"wp:featuredmedia":[{"embeddable":true,"href":"https:\/\/store.metropolia.fi\/en\/wp-json\/wp\/v2\/media\/765"}],"wp:attachment":[{"href":"https:\/\/store.metropolia.fi\/en\/wp-json\/wp\/v2\/media?parent=522"}],"wp:term":[{"taxonomy":"product_brand","embeddable":true,"href":"https:\/\/store.metropolia.fi\/en\/wp-json\/wp\/v2\/product_brand?post=522"},{"taxonomy":"product_cat","embeddable":true,"href":"https:\/\/store.metropolia.fi\/en\/wp-json\/wp\/v2\/product_cat?post=522"},{"taxonomy":"product_tag","embeddable":true,"href":"https:\/\/store.metropolia.fi\/en\/wp-json\/wp\/v2\/product_tag?post=522"}],"curies":[{"name":"wp","href":"https:\/\/api.w.org\/{rel}","templated":true}]}}