{"id":526,"date":"2023-06-01T10:43:58","date_gmt":"2023-06-01T07:43:58","guid":{"rendered":"https:\/\/store.metropolia.fi\/tuote\/oppimistila-montaasi-ar341\/"},"modified":"2026-02-16T09:43:40","modified_gmt":"2026-02-16T07:43:40","slug":"oppimistila-montaasi-ar341","status":"publish","type":"product","link":"https:\/\/store.metropolia.fi\/en\/product\/oppimistila-montaasi-ar341\/","title":{"rendered":"Luokkatila Montaasi, AR341"},"content":{"rendered":"<p>Kahden hengen p\u00f6yd\u00e4t tuoleilla. <br \/>-Tilassa esitysn\u00e4ytt\u00f6<br \/>-Et\u00e4osallistumiseen soveltuva tila<\/p>\n","protected":false},"excerpt":{"rendered":"<p>Kahden hengen p\u00f6yd\u00e4t tuoleilla. -Tilassa esitysn\u00e4ytt\u00f6-Et\u00e4osallistumiseen soveltuva tila<\/p>\n","protected":false},"featured_media":933,"template":"","meta":[],"product_brand":[],"product_cat":[30194],"product_tag":[],"class_list":{"0":"post-526","1":"product","2":"type-product","3":"status-publish","4":"has-post-thumbnail","6":"product_cat-arabian-kampus-0","8":"first","9":"instock","10":"virtual","11":"taxable","12":"purchasable","13":"product-type-phive_booking"},"_links":{"self":[{"href":"https:\/\/store.metropolia.fi\/en\/wp-json\/wp\/v2\/product\/526","targetHints":{"allow":["GET"]}}],"collection":[{"href":"https:\/\/store.metropolia.fi\/en\/wp-json\/wp\/v2\/product"}],"about":[{"href":"https:\/\/store.metropolia.fi\/en\/wp-json\/wp\/v2\/types\/product"}],"wp:featuredmedia":[{"embeddable":true,"href":"https:\/\/store.metropolia.fi\/en\/wp-json\/wp\/v2\/media\/933"}],"wp:attachment":[{"href":"https:\/\/store.metropolia.fi\/en\/wp-json\/wp\/v2\/media?parent=526"}],"wp:term":[{"taxonomy":"product_brand","embeddable":true,"href":"https:\/\/store.metropolia.fi\/en\/wp-json\/wp\/v2\/product_brand?post=526"},{"taxonomy":"product_cat","embeddable":true,"href":"https:\/\/store.metropolia.fi\/en\/wp-json\/wp\/v2\/product_cat?post=526"},{"taxonomy":"product_tag","embeddable":true,"href":"https:\/\/store.metropolia.fi\/en\/wp-json\/wp\/v2\/product_tag?post=526"}],"curies":[{"name":"wp","href":"https:\/\/api.w.org\/{rel}","templated":true}]}}