{"id":6473,"date":"2023-06-01T10:43:53","date_gmt":"2023-06-01T07:43:53","guid":{"rendered":"https:\/\/store.metropolia.fi\/tuote\/oppimistila-kmd757\/"},"modified":"2026-02-17T12:52:06","modified_gmt":"2026-02-17T10:52:06","slug":"oppimistila-kmd757","status":"publish","type":"product","link":"https:\/\/store.metropolia.fi\/en\/product\/oppimistila-kmd757\/","title":{"rendered":"Luokkatila, KMD757"},"content":{"rendered":"<p>Yhden hengen p\u00f6yd\u00e4t tuoleilla. Tilassa et\u00e4projektori<\/p>\n","protected":false},"excerpt":{"rendered":"<p>Yhden hengen p\u00f6yd\u00e4t tuoleilla. Tilassa et\u00e4projektori<\/p>\n","protected":false},"featured_media":1111,"template":"","meta":[],"product_brand":[],"product_cat":[30198],"product_tag":[],"class_list":{"0":"post-6473","1":"product","2":"type-product","3":"status-publish","4":"has-post-thumbnail","6":"product_cat-karamalmi-campus","8":"first","9":"instock","10":"virtual","11":"taxable","12":"purchasable","13":"product-type-phive_booking"},"_links":{"self":[{"href":"https:\/\/store.metropolia.fi\/en\/wp-json\/wp\/v2\/product\/6473","targetHints":{"allow":["GET"]}}],"collection":[{"href":"https:\/\/store.metropolia.fi\/en\/wp-json\/wp\/v2\/product"}],"about":[{"href":"https:\/\/store.metropolia.fi\/en\/wp-json\/wp\/v2\/types\/product"}],"wp:featuredmedia":[{"embeddable":true,"href":"https:\/\/store.metropolia.fi\/en\/wp-json\/wp\/v2\/media\/1111"}],"wp:attachment":[{"href":"https:\/\/store.metropolia.fi\/en\/wp-json\/wp\/v2\/media?parent=6473"}],"wp:term":[{"taxonomy":"product_brand","embeddable":true,"href":"https:\/\/store.metropolia.fi\/en\/wp-json\/wp\/v2\/product_brand?post=6473"},{"taxonomy":"product_cat","embeddable":true,"href":"https:\/\/store.metropolia.fi\/en\/wp-json\/wp\/v2\/product_cat?post=6473"},{"taxonomy":"product_tag","embeddable":true,"href":"https:\/\/store.metropolia.fi\/en\/wp-json\/wp\/v2\/product_tag?post=6473"}],"curies":[{"name":"wp","href":"https:\/\/api.w.org\/{rel}","templated":true}]}}