{"id":7697,"date":"2025-10-14T09:32:40","date_gmt":"2025-10-14T06:32:40","guid":{"rendered":"https:\/\/store.metropolia.fi\/tuote\/20-11-2025-7-pm-arabian-yot-hector-and-helsinki\/"},"modified":"2026-04-16T21:36:38","modified_gmt":"2026-04-16T18:36:38","slug":"20-11-2025-7-pm-arabian-yot-hector-and-helsinki","status":"publish","type":"product","link":"https:\/\/store.metropolia.fi\/en\/product\/20-11-2025-7-pm-arabian-yot-hector-and-helsinki\/","title":{"rendered":"20.11.2025 7 PM Arabian Y\u00f6t: Hector and Helsinki"},"content":{"rendered":"<pre id=\"tw-target-text\" class=\"tw-data-text tw-text-large tw-ta\" dir=\"ltr\" data-placeholder=\"K\u00e4\u00e4nn\u00f6s\" data-ved=\"2ahUKEwjStbb7rZGLAxUyHhAIHdDTBOoQ3ewLegQIBxAV\"><span class=\"Y2IQFc\" lang=\"en\">Arabian Y\u00f6t - pop\/jazz music student festival.<\/span><\/pre>\n<p>Read more from Metropolia <a title=\"Pop\/jazz student festival Arabian Y\u00f6t autumn 2025\" href=\"https:\/\/www.metropolia.fi\/en\/about-us\/events\/popjazz-music-student-festival-arabian-yot-autumn-2025\" target=\"_blank\">Events Calender<\/a>.<\/p>\n<h2>Tickets<\/h2>\n<ul>\n<li>8 euros normal price\u00a0<\/li>\n<li>7 euros Metropolia staff\u00a0<\/li>\n<li>5 euros concessions 5 (pensioners, unemployed, conscripts)<\/li>\n<li>3,5 euros students\u00a0<\/li>\n<\/ul>\n<p>Please show the document entitling you to the special price at the door of the concert hall.<\/p>\n<p>Your admission ticket is the reply email you received. A separate ticket will not be sent.<\/p>\n<h2>Venue<\/h2>\n<p>Arabiasali<br \/>Muotoilijankatu 1 B \/\u00a0<br \/>H\u00e4meentie 135 D<br \/>Helsinki 56<\/p>\n<p>Welcome!<\/p>\n","protected":false},"excerpt":{"rendered":"<p>Arabian Y\u00f6t &#8211; pop\/jazz music student festival. Read more from Metropolia Events Calender. Tickets 8 euros normal price\u00a0 7 euros Metropolia staff\u00a0 5 euros concessions 5 (pensioners, unemployed, conscripts) 3,5 euros students\u00a0 Please show the document entitling you to the special price at the door of the concert hall. Your admission ticket is the reply [&hellip;]<\/p>\n","protected":false},"featured_media":7609,"template":"","meta":[],"product_brand":[],"product_cat":[74],"product_tag":[],"class_list":{"0":"post-7697","1":"product","2":"type-product","3":"status-publish","4":"has-post-thumbnail","6":"product_cat-concert-and-opera-tickets","8":"first","9":"instock","10":"taxable","11":"shipping-taxable","12":"purchasable","13":"product-type-variable"},"_links":{"self":[{"href":"https:\/\/store.metropolia.fi\/en\/wp-json\/wp\/v2\/product\/7697","targetHints":{"allow":["GET"]}}],"collection":[{"href":"https:\/\/store.metropolia.fi\/en\/wp-json\/wp\/v2\/product"}],"about":[{"href":"https:\/\/store.metropolia.fi\/en\/wp-json\/wp\/v2\/types\/product"}],"wp:featuredmedia":[{"embeddable":true,"href":"https:\/\/store.metropolia.fi\/en\/wp-json\/wp\/v2\/media\/7609"}],"wp:attachment":[{"href":"https:\/\/store.metropolia.fi\/en\/wp-json\/wp\/v2\/media?parent=7697"}],"wp:term":[{"taxonomy":"product_brand","embeddable":true,"href":"https:\/\/store.metropolia.fi\/en\/wp-json\/wp\/v2\/product_brand?post=7697"},{"taxonomy":"product_cat","embeddable":true,"href":"https:\/\/store.metropolia.fi\/en\/wp-json\/wp\/v2\/product_cat?post=7697"},{"taxonomy":"product_tag","embeddable":true,"href":"https:\/\/store.metropolia.fi\/en\/wp-json\/wp\/v2\/product_tag?post=7697"}],"curies":[{"name":"wp","href":"https:\/\/api.w.org\/{rel}","templated":true}]}}