{"id":8825,"date":"2026-04-07T13:55:28","date_gmt":"2026-04-07T10:55:28","guid":{"rendered":"https:\/\/store.metropolia.fi\/tuote\/13-4-2026-arabian-kevat-from-laakson-lilja-to-metsan-tytto-maarits-songs-from-across-the-decades\/"},"modified":"2026-04-08T11:01:13","modified_gmt":"2026-04-08T08:01:13","slug":"13-4-2026-arabian-kevat-from-laakson-lilja-to-metsan-tytto-maarits-songs-from-across-the-decades","status":"publish","type":"product","link":"https:\/\/store.metropolia.fi\/en\/product\/13-4-2026-arabian-kevat-from-laakson-lilja-to-metsan-tytto-maarits-songs-from-across-the-decades\/","title":{"rendered":"13.4.2026 Arabian Kev\u00e4t: From Laakson lilja to Mets\u00e4n tytt\u00f6 &#8211; Maarit\u2019s songs from across the decades"},"content":{"rendered":"<pre id=\"tw-target-text\" class=\"tw-data-text tw-text-large tw-ta\" dir=\"ltr\" data-placeholder=\"K\u00e4\u00e4nn\u00f6s\" data-ved=\"2ahUKEwjStbb7rZGLAxUyHhAIHdDTBOoQ3ewLegQIBxAV\"><span class=\"Y2IQFc\" lang=\"en\">Arabian Kev\u00e4t 2026 - pop\/jazz music student festival.<\/span><\/pre>\n<p>Read more from Metropolia <a title=\"Pop\/jazz student festival Arabian Y\u00f6t autumn 2025\" href=\"https:\/\/www.metropolia.fi\/en\/about-us\/events\/popjazz-music-student-festival-arabian-yot-autumn-2025\" target=\"_blank\">Events C<\/a><a title=\"Arabian Kev\u00e4t 2026 - pop\/jazz student festival\" href=\"https:\/\/www.metropolia.fi\/en\/about-us\/events\/popjazz-music-student-festival-arabian-kevat-spring-2026\" target=\"_blank\">alender.<\/a><\/p>\n<h2>Tickets<\/h2>\n<ul>\n<li>10 euros normal price\u00a0<\/li>\n<li>9 euros Metropolia staff\u00a0<\/li>\n<li>6 euros concessions (pensioners, unemployed, conscripts)<\/li>\n<li>5 euros students\u00a0<\/li>\n<\/ul>\n<p>Please show the document entitling you to the special price at the door of the concert hall.<\/p>\n<p>Your admission ticket is the reply email you received. A separate ticket will not be sent.<\/p>\n<h2>Venue<\/h2>\n<p>Arabiasali (Arabia Hall)<br \/>entrance Muotoilijankatu 1 B &amp; H\u00e4meentie 135 D<br \/>Helsinki 56<\/p>\n<p>Welcome!<\/p>\n","protected":false},"excerpt":{"rendered":"<p>Arabian Kev\u00e4t 2026 &#8211; pop\/jazz music student festival. Read more from Metropolia Events Calender. Tickets 10 euros normal price\u00a0 9 euros Metropolia staff\u00a0 6 euros concessions (pensioners, unemployed, conscripts) 5 euros students\u00a0 Please show the document entitling you to the special price at the door of the concert hall. Your admission ticket is the reply [&hellip;]<\/p>\n","protected":false},"featured_media":8730,"template":"","meta":[],"product_brand":[],"product_cat":[74],"product_tag":[],"class_list":{"0":"post-8825","1":"product","2":"type-product","3":"status-publish","4":"has-post-thumbnail","6":"product_cat-concert-and-opera-tickets","8":"first","9":"instock","10":"taxable","11":"shipping-taxable","12":"purchasable","13":"product-type-variable"},"_links":{"self":[{"href":"https:\/\/store.metropolia.fi\/en\/wp-json\/wp\/v2\/product\/8825","targetHints":{"allow":["GET"]}}],"collection":[{"href":"https:\/\/store.metropolia.fi\/en\/wp-json\/wp\/v2\/product"}],"about":[{"href":"https:\/\/store.metropolia.fi\/en\/wp-json\/wp\/v2\/types\/product"}],"wp:featuredmedia":[{"embeddable":true,"href":"https:\/\/store.metropolia.fi\/en\/wp-json\/wp\/v2\/media\/8730"}],"wp:attachment":[{"href":"https:\/\/store.metropolia.fi\/en\/wp-json\/wp\/v2\/media?parent=8825"}],"wp:term":[{"taxonomy":"product_brand","embeddable":true,"href":"https:\/\/store.metropolia.fi\/en\/wp-json\/wp\/v2\/product_brand?post=8825"},{"taxonomy":"product_cat","embeddable":true,"href":"https:\/\/store.metropolia.fi\/en\/wp-json\/wp\/v2\/product_cat?post=8825"},{"taxonomy":"product_tag","embeddable":true,"href":"https:\/\/store.metropolia.fi\/en\/wp-json\/wp\/v2\/product_tag?post=8825"}],"curies":[{"name":"wp","href":"https:\/\/api.w.org\/{rel}","templated":true}]}}