{"id":9038,"date":"2026-04-16T19:19:24","date_gmt":"2026-04-16T16:19:24","guid":{"rendered":"https:\/\/store.metropolia.fi\/tuote\/7-9-2026-john-blow-venus-adonis-2\/"},"modified":"2026-04-16T21:39:22","modified_gmt":"2026-04-16T18:39:22","slug":"7-9-2026-john-blow-venus-adonis-2","status":"publish","type":"product","link":"https:\/\/store.metropolia.fi\/en\/product\/7-9-2026-john-blow-venus-adonis-2\/","title":{"rendered":"7.9.2026 John Blow: Venus &amp; Adonis"},"content":{"rendered":"<pre id=\"tw-target-text\" class=\"tw-data-text tw-text-large tw-ta\" dir=\"ltr\" data-placeholder=\"K\u00e4\u00e4nn\u00f6s\" data-ved=\"2ahUKEwjStbb7rZGLAxUyHhAIHdDTBOoQ3ewLegQIBxAV\">Baroque opera<\/pre>\n<p>John Blowe: Venus &amp; Adonis<\/p>\n<p>Read more from Metropolia <a title=\"Baroque opera Venus &amp; Adonis\" href=\"https:\/\/www.metropolia.fi\/fi\/metropoliasta\/ajankohtaista\/tapahtumat\/barokkiooppera-venus-adonis-sav-john-blow\" target=\"_blank\">Events Calender<\/a>.<\/p>\n<h2>Tickets<\/h2>\n<ul>\n<li>30 euros normal price<\/li>\n<li>15 euros concessions (pensioners, students, under 18s)<\/li>\n<\/ul>\n<p>Please show the document entitling you to the special price at the door of the concert hall.<\/p>\n<p>Your admission ticket is the reply email you received. A separate ticket will not be sent.<\/p>\n<h2>Venue<\/h2>\n<p>Arabiasali (Arabia Hall)<br \/>entrance Muotoilijankatu 1 B &amp; H\u00e4meentie 135 D<br \/>Helsinki 56<\/p>\n<p>Welcome!<\/p>\n","protected":false},"excerpt":{"rendered":"<p>Baroque opera John Blowe: Venus &amp; Adonis Read more from Metropolia Events Calender. Tickets 30 euros normal price 15 euros concessions (pensioners, students, under 18s) Please show the document entitling you to the special price at the door of the concert hall. Your admission ticket is the reply email you received. A separate ticket will [&hellip;]<\/p>\n","protected":false},"featured_media":7585,"template":"","meta":[],"product_brand":[],"product_cat":[74],"product_tag":[],"class_list":{"0":"post-9038","1":"product","2":"type-product","3":"status-publish","4":"has-post-thumbnail","6":"product_cat-concert-and-opera-tickets","8":"first","9":"instock","10":"taxable","11":"shipping-taxable","12":"purchasable","13":"product-type-variable"},"_links":{"self":[{"href":"https:\/\/store.metropolia.fi\/en\/wp-json\/wp\/v2\/product\/9038","targetHints":{"allow":["GET"]}}],"collection":[{"href":"https:\/\/store.metropolia.fi\/en\/wp-json\/wp\/v2\/product"}],"about":[{"href":"https:\/\/store.metropolia.fi\/en\/wp-json\/wp\/v2\/types\/product"}],"wp:featuredmedia":[{"embeddable":true,"href":"https:\/\/store.metropolia.fi\/en\/wp-json\/wp\/v2\/media\/7585"}],"wp:attachment":[{"href":"https:\/\/store.metropolia.fi\/en\/wp-json\/wp\/v2\/media?parent=9038"}],"wp:term":[{"taxonomy":"product_brand","embeddable":true,"href":"https:\/\/store.metropolia.fi\/en\/wp-json\/wp\/v2\/product_brand?post=9038"},{"taxonomy":"product_cat","embeddable":true,"href":"https:\/\/store.metropolia.fi\/en\/wp-json\/wp\/v2\/product_cat?post=9038"},{"taxonomy":"product_tag","embeddable":true,"href":"https:\/\/store.metropolia.fi\/en\/wp-json\/wp\/v2\/product_tag?post=9038"}],"curies":[{"name":"wp","href":"https:\/\/api.w.org\/{rel}","templated":true}]}}